{"id":54,"date":"2014-12-26T19:47:12","date_gmt":"2014-12-26T22:47:12","guid":{"rendered":"http:\/\/iita.com.ar\/?page_id=54"},"modified":"2019-12-31T20:28:54","modified_gmt":"2019-12-31T20:28:54","slug":"noticias","status":"publish","type":"page","link":"https:\/\/iita.com.ar\/salta\/noticias\/","title":{"rendered":"Noticias"},"content":{"rendered":"<p>No te pierdas la oportunidad de capacitarte ahora.<\/p>\n<p>Est\u00e1n abiertas las inscripciones para los cursos de que inician Enero 2020<\/p>\n<p>Inscribite ahora para los cursos de Rob\u00f3tica, Dom\u00f3tica, Impresi\u00f3n 3D, Marketing Digital, Modelado de personajes para ni\u00f1os, Dise\u00f1o de Videojuegos en Unity, Seguridad Inform\u00e1tica, Animaci\u00f3n Digital, Dise\u00f1o de Sitios Web con WordPress, Programaci\u00f3n en Python, M\u00e1rketing Digital.<\/p>\n<p>Consulta por los cursos de Rob\u00f3tica para Docentes y de Dom\u00f3tica.<\/p>\n<p>No se requieren conocimientos previos.<\/p>\n<p>Hay pocas vacantes por lo que recomendamos no demorar la inscripci\u00f3n para asegurar un lugar.<\/p>\n<p>Inscripciones en calle Bs. As. 135, oficina 102 en edificio Palermo. Ciudad de Salta<\/p>\n<p>Por consultas llamar a 0387-4312900 o a consultas@iita.com.ar<\/p>\n<p>Horario\u00a0 primera Lunes a S\u00e1bados de 9 a 21<\/p>\n","protected":false},"excerpt":{"rendered":"<p>No te pierdas la oportunidad de capacitarte ahora. Est\u00e1n abiertas las inscripciones para los cursos de que inician Enero 2020 Inscribite ahora para los cursos de Rob\u00f3tica, Dom\u00f3tica, Impresi\u00f3n 3D, Marketing Digital, Modelado de personajes para ni\u00f1os, Dise\u00f1o de Videojuegos en Unity, Seguridad Inform\u00e1tica, Animaci\u00f3n Digital, Dise\u00f1o de Sitios Web con WordPress, Programaci\u00f3n en Python, [&hellip;]<\/p>\n","protected":false},"author":1,"featured_media":0,"parent":0,"menu_order":0,"comment_status":"closed","ping_status":"closed","template":"","meta":{"jetpack_post_was_ever_published":false,"footnotes":""},"class_list":["post-54","page","type-page","status-publish","czr-hentry"],"aioseo_notices":[],"jetpack_sharing_enabled":true,"jetpack_shortlink":"https:\/\/wp.me\/P9QtGz-S","_links":{"self":[{"href":"https:\/\/iita.com.ar\/salta\/wp-json\/wp\/v2\/pages\/54","targetHints":{"allow":["GET"]}}],"collection":[{"href":"https:\/\/iita.com.ar\/salta\/wp-json\/wp\/v2\/pages"}],"about":[{"href":"https:\/\/iita.com.ar\/salta\/wp-json\/wp\/v2\/types\/page"}],"author":[{"embeddable":true,"href":"https:\/\/iita.com.ar\/salta\/wp-json\/wp\/v2\/users\/1"}],"replies":[{"embeddable":true,"href":"https:\/\/iita.com.ar\/salta\/wp-json\/wp\/v2\/comments?post=54"}],"version-history":[{"count":3,"href":"https:\/\/iita.com.ar\/salta\/wp-json\/wp\/v2\/pages\/54\/revisions"}],"predecessor-version":[{"id":2533,"href":"https:\/\/iita.com.ar\/salta\/wp-json\/wp\/v2\/pages\/54\/revisions\/2533"}],"wp:attachment":[{"href":"https:\/\/iita.com.ar\/salta\/wp-json\/wp\/v2\/media?parent=54"}],"curies":[{"name":"wp","href":"https:\/\/api.w.org\/{rel}","templated":true}]}}