{"id":5072,"date":"2025-01-05T21:53:37","date_gmt":"2025-01-06T00:53:37","guid":{"rendered":"https:\/\/iita.com.ar\/salta\/?page_id=5072"},"modified":"2025-01-05T21:53:38","modified_gmt":"2025-01-06T00:53:38","slug":"curso-anual-de-robotica-educativa","status":"publish","type":"page","link":"https:\/\/iita.com.ar\/salta\/curso-anual-de-robotica-educativa\/","title":{"rendered":"Curso Anual de Robotica Educativa"},"content":{"rendered":"\n<p>Descubr\u00ed un espacio dise\u00f1ado para aprender, crear y disfrutar mientras desarroll\u00e1s habilidades tecnol\u00f3gicas. Nuestro taller anual de rob\u00f3tica est\u00e1 pensado para estudiantes de todas las edades y niveles, ofreciendo una experiencia personalizada y adaptada a cada participante.<\/p>\n\n\n\n<figure class=\"wp-block-image size-large\"><img data-recalc-dims=\"1\" loading=\"lazy\" decoding=\"async\" width=\"1024\" height=\"498\" src=\"https:\/\/i0.wp.com\/iita.com.ar\/salta\/wp-content\/uploads\/sites\/8\/2025\/01\/prueba-1.jpg?resize=1024%2C498&#038;ssl=1\" alt=\"\" class=\"wp-image-4955\" srcset=\"https:\/\/i0.wp.com\/iita.com.ar\/salta\/wp-content\/uploads\/sites\/8\/2025\/01\/prueba-1-scaled.jpg?resize=1024%2C498&amp;ssl=1 1024w, https:\/\/i0.wp.com\/iita.com.ar\/salta\/wp-content\/uploads\/sites\/8\/2025\/01\/prueba-1-scaled.jpg?resize=300%2C146&amp;ssl=1 300w, https:\/\/i0.wp.com\/iita.com.ar\/salta\/wp-content\/uploads\/sites\/8\/2025\/01\/prueba-1-scaled.jpg?resize=768%2C373&amp;ssl=1 768w, https:\/\/i0.wp.com\/iita.com.ar\/salta\/wp-content\/uploads\/sites\/8\/2025\/01\/prueba-1-scaled.jpg?resize=1536%2C747&amp;ssl=1 1536w, https:\/\/i0.wp.com\/iita.com.ar\/salta\/wp-content\/uploads\/sites\/8\/2025\/01\/prueba-1-scaled.jpg?resize=2048%2C996&amp;ssl=1 2048w, https:\/\/i0.wp.com\/iita.com.ar\/salta\/wp-content\/uploads\/sites\/8\/2025\/01\/prueba-1-scaled.jpg?w=2340&amp;ssl=1 2340w\" sizes=\"auto, (max-width: 1024px) 100vw, 1024px\" \/><\/figure>\n\n\n\n<h4 class=\"wp-block-heading\"><strong>\u00bfQu\u00e9 vas a aprender?<\/strong><\/h4>\n\n\n\n<ul class=\"wp-block-list\">\n<li><strong>Clases pr\u00e1cticas y din\u00e1micas:<\/strong> Cada semana, en encuentros de dos horas y media, dise\u00f1ar\u00e1s, construir\u00e1s y programar\u00e1s robots aut\u00f3nomos. Aprender\u00e1s a utilizar motores, sensores y otros componentes tecnol\u00f3gicos para que tus robots realicen diversas funciones.<\/li>\n\n\n\n<li><strong>Desarrollo de habilidades clave:<\/strong> Fomentamos el trabajo en equipo, la creatividad y el pensamiento l\u00f3gico, mientras fortalecemos tus conocimientos en \u00e1reas como matem\u00e1ticas, f\u00edsica, mec\u00e1nica y programaci\u00f3n.<\/li>\n\n\n\n<li><strong>Desaf\u00edos inspirados en la vida real:<\/strong> Las actividades est\u00e1n dise\u00f1adas para replicar situaciones reales. Resolver\u00e1s problemas, crear\u00e1s estrategias y encontrar\u00e1s soluciones, mientras tu robot cumple misiones en escenarios interactivos creados especialmente para el curso.<\/li>\n<\/ul>\n\n\n\n<h4 class=\"wp-block-heading\"><strong>Nuestra metodolog\u00eda<\/strong><\/h4>\n\n\n\n<ul class=\"wp-block-list\">\n<li><strong>Grupos reducidos y atenci\u00f3n personalizada:<\/strong> Con un m\u00e1ximo de 18 estudiantes por grupo y 3 docentes por clase, garantizamos un aprendizaje \u00f3ptimo y enfocado.<\/li>\n\n\n\n<li><strong>Material completo incluido:<\/strong> Todo lo necesario para tus clases, competencias y exposiciones est\u00e1 cubierto, desde los materiales hasta los recursos tecnol\u00f3gicos.<\/li>\n<\/ul>\n\n\n\n<p>Para inscripciones comunicate con nosotros por WhatsApp al <strong>+54 9 387 5809351<\/strong> o acercate de manera presencial en cualquiera de nuestras sedes (<strong>Sede Centro:<\/strong> Calle Buenos Aires 135, primer piso, oficina 102 | <strong>Sede San Lorenzo Chico:<\/strong> La Comarca, primer piso).\u00a1Sumate a nuestro Taller Anual de Rob\u00f3tica Educativa y transform\u00e1 tu pasi\u00f3n por la tecnolog\u00eda en habilidades para el futuro!<strong> \u00a1Te esperamos en IITA!<\/strong><\/p>\n\n\n\n<figure class=\"wp-block-image size-large\"><img data-recalc-dims=\"1\" loading=\"lazy\" decoding=\"async\" width=\"1024\" height=\"768\" src=\"https:\/\/i0.wp.com\/iita.com.ar\/salta\/wp-content\/uploads\/sites\/8\/2025\/01\/2.jpg?resize=1024%2C768&#038;ssl=1\" alt=\"\" class=\"wp-image-4954\" srcset=\"https:\/\/i0.wp.com\/iita.com.ar\/salta\/wp-content\/uploads\/sites\/8\/2025\/01\/2-scaled.jpg?resize=1024%2C768&amp;ssl=1 1024w, https:\/\/i0.wp.com\/iita.com.ar\/salta\/wp-content\/uploads\/sites\/8\/2025\/01\/2-scaled.jpg?resize=300%2C225&amp;ssl=1 300w, https:\/\/i0.wp.com\/iita.com.ar\/salta\/wp-content\/uploads\/sites\/8\/2025\/01\/2-scaled.jpg?resize=768%2C576&amp;ssl=1 768w, https:\/\/i0.wp.com\/iita.com.ar\/salta\/wp-content\/uploads\/sites\/8\/2025\/01\/2-scaled.jpg?resize=1536%2C1152&amp;ssl=1 1536w, https:\/\/i0.wp.com\/iita.com.ar\/salta\/wp-content\/uploads\/sites\/8\/2025\/01\/2-scaled.jpg?resize=2048%2C1536&amp;ssl=1 2048w, https:\/\/i0.wp.com\/iita.com.ar\/salta\/wp-content\/uploads\/sites\/8\/2025\/01\/2-scaled.jpg?w=2340&amp;ssl=1 2340w\" sizes=\"auto, (max-width: 1024px) 100vw, 1024px\" \/><\/figure>\n","protected":false},"excerpt":{"rendered":"<p>Descubr\u00ed un espacio dise\u00f1ado para aprender, crear y disfrutar mientras desarroll\u00e1s habilidades tecnol\u00f3gicas. Nuestro taller anual de rob\u00f3tica est\u00e1 pensado para estudiantes de todas las edades y niveles, ofreciendo una experiencia personalizada y adaptada a cada participante. \u00bfQu\u00e9 vas a aprender? Nuestra metodolog\u00eda Para inscripciones comunicate con nosotros por WhatsApp al +54 9 387 5809351 [&hellip;]<\/p>\n","protected":false},"author":5,"featured_media":0,"parent":0,"menu_order":0,"comment_status":"closed","ping_status":"closed","template":"","meta":{"jetpack_post_was_ever_published":false,"footnotes":""},"class_list":["post-5072","page","type-page","status-publish","czr-hentry"],"aioseo_notices":[],"jetpack_sharing_enabled":true,"jetpack_shortlink":"https:\/\/wp.me\/P9QtGz-1jO","_links":{"self":[{"href":"https:\/\/iita.com.ar\/salta\/wp-json\/wp\/v2\/pages\/5072","targetHints":{"allow":["GET"]}}],"collection":[{"href":"https:\/\/iita.com.ar\/salta\/wp-json\/wp\/v2\/pages"}],"about":[{"href":"https:\/\/iita.com.ar\/salta\/wp-json\/wp\/v2\/types\/page"}],"author":[{"embeddable":true,"href":"https:\/\/iita.com.ar\/salta\/wp-json\/wp\/v2\/users\/5"}],"replies":[{"embeddable":true,"href":"https:\/\/iita.com.ar\/salta\/wp-json\/wp\/v2\/comments?post=5072"}],"version-history":[{"count":1,"href":"https:\/\/iita.com.ar\/salta\/wp-json\/wp\/v2\/pages\/5072\/revisions"}],"predecessor-version":[{"id":5073,"href":"https:\/\/iita.com.ar\/salta\/wp-json\/wp\/v2\/pages\/5072\/revisions\/5073"}],"wp:attachment":[{"href":"https:\/\/iita.com.ar\/salta\/wp-json\/wp\/v2\/media?parent=5072"}],"curies":[{"name":"wp","href":"https:\/\/api.w.org\/{rel}","templated":true}]}}