{"id":50,"date":"2014-12-26T19:45:22","date_gmt":"2014-12-26T22:45:22","guid":{"rendered":"http:\/\/iita.com.ar\/?page_id=50"},"modified":"2024-12-30T00:25:58","modified_gmt":"2024-12-30T03:25:58","slug":"charlas","status":"publish","type":"page","link":"https:\/\/iita.com.ar\/salta\/charlas\/","title":{"rendered":"Charlas introductorias gratuitas"},"content":{"rendered":"<p>Regularmente damos charlas de divulgaci\u00f3n sobre distintas tem\u00e1ticas relacionadas a los cursos que dictamos.<\/p>\n<p>Llama al\u00a0 <strong>+54 9 387 4312900<\/strong> para reservar tu lugar en las pr\u00f3ximas charlas sobre:<\/p>\n<ul>\n<li style=\"text-align: left\"><strong>Marketing Digital <\/strong><\/li>\n<li style=\"text-align: left\"><strong>Animaci\u00f3n Digital.<\/strong><\/li>\n<li><strong>Robotica educativa<\/strong><\/li>\n<li style=\"text-align: left\"><strong>Programaci\u00f3n en Python.<\/strong><\/li>\n<li style=\"text-align: left\"><strong>Tendencias en Marketing Digital.<\/strong><\/li>\n<li style=\"text-align: left\"><strong>Dise\u00f1o de sistemas con Oracle APEX.<\/strong><\/li>\n<li style=\"text-align: left\"><strong>Animaci\u00f3n digital con Blender.<\/strong><\/li>\n<li style=\"text-align: left\"><strong>Dise\u00f1o de videojuegos con Unity.<\/strong><\/li>\n<li style=\"text-align: left\"><strong>Rob\u00f3tica para ni\u00f1os. Taller introducci\u00f3n para ni\u00f1os.<\/strong><\/li>\n<li style=\"text-align: left\"><strong>Uso de la rob\u00f3tica en la escuela (Charla introductoria para docentes)<\/strong><\/li>\n<li style=\"text-align: left\"><strong>Impresi\u00f3n 3D &#8211; presente y tendencias de esta tecnolog\u00eda.<\/strong><\/li>\n<li style=\"text-align: left\"><strong>Tendencias en Tecnolog\u00eda Educativa. Cursos MOOC<\/strong><\/li>\n<li style=\"text-align: left\"><strong>Metodolog\u00edas \u00e1giles para dise\u00f1o de sistemas.<\/strong><\/li>\n<\/ul>\n","protected":false},"excerpt":{"rendered":"<p>Regularmente damos charlas de divulgaci\u00f3n sobre distintas tem\u00e1ticas relacionadas a los cursos que dictamos. Llama al\u00a0 +54 9 387 4312900 para reservar tu lugar en las pr\u00f3ximas charlas sobre: Marketing Digital Animaci\u00f3n Digital. Robotica educativa Programaci\u00f3n en Python. Tendencias en Marketing Digital. Dise\u00f1o de sistemas con Oracle APEX. Animaci\u00f3n digital con Blender. Dise\u00f1o de videojuegos [&hellip;]<\/p>\n","protected":false},"author":1,"featured_media":0,"parent":0,"menu_order":0,"comment_status":"closed","ping_status":"closed","template":"","meta":{"footnotes":""},"class_list":["post-50","page","type-page","status-publish","czr-hentry"],"aioseo_notices":[],"jetpack_sharing_enabled":true,"jetpack_shortlink":"https:\/\/wp.me\/P9QtGz-O","_links":{"self":[{"href":"https:\/\/iita.com.ar\/salta\/wp-json\/wp\/v2\/pages\/50","targetHints":{"allow":["GET"]}}],"collection":[{"href":"https:\/\/iita.com.ar\/salta\/wp-json\/wp\/v2\/pages"}],"about":[{"href":"https:\/\/iita.com.ar\/salta\/wp-json\/wp\/v2\/types\/page"}],"author":[{"embeddable":true,"href":"https:\/\/iita.com.ar\/salta\/wp-json\/wp\/v2\/users\/1"}],"replies":[{"embeddable":true,"href":"https:\/\/iita.com.ar\/salta\/wp-json\/wp\/v2\/comments?post=50"}],"version-history":[{"count":5,"href":"https:\/\/iita.com.ar\/salta\/wp-json\/wp\/v2\/pages\/50\/revisions"}],"predecessor-version":[{"id":4939,"href":"https:\/\/iita.com.ar\/salta\/wp-json\/wp\/v2\/pages\/50\/revisions\/4939"}],"wp:attachment":[{"href":"https:\/\/iita.com.ar\/salta\/wp-json\/wp\/v2\/media?parent=50"}],"curies":[{"name":"wp","href":"https:\/\/api.w.org\/{rel}","templated":true}]}}