{"id":48,"date":"2014-12-26T19:42:33","date_gmt":"2014-12-26T22:42:33","guid":{"rendered":"http:\/\/iita.com.ar\/?page_id=48"},"modified":"2024-12-30T00:17:33","modified_gmt":"2024-12-30T03:17:33","slug":"nosotros","status":"publish","type":"page","link":"https:\/\/iita.com.ar\/salta\/nosotros\/","title":{"rendered":"Nosotros"},"content":{"rendered":"<p>Desde nuestra fundaci\u00f3n en 2015, nos hemos dedicado a fomentar el aprendizaje colaborativo mediante el descubrimiento y la aplicaci\u00f3n de nuevas tecnolog\u00edas. Nuestra misi\u00f3n es inspirar a estudiantes y docentes a explorar formas innovadoras de ense\u00f1ar y aprender, promoviendo la creatividad, el trabajo en equipo y el pensamiento cr\u00edtico.<\/p>\n<p>A trav\u00e9s del uso de herramientas de acceso abierto, como software y hardware libre, apoyamos a empresas e instituciones en la optimizaci\u00f3n de procesos, el intercambio de conocimientos y la adopci\u00f3n de modelos de fabricaci\u00f3n distribuida y el uso compartido de recursos.<\/p>\n<p>En 2018, reafirmamos nuestro compromiso con la educaci\u00f3n y la innovaci\u00f3n tecnol\u00f3gica mediante la creaci\u00f3n de la <a href=\"https:\/\/fundacioninnovar.org.ar\/\"><strong>Fundaci\u00f3n Innovar<\/strong><\/a>. Esta instituci\u00f3n se ha convertido en un pilar clave de nuestra misi\u00f3n, enfocada en fomentar el aprendizaje colaborativo, la integraci\u00f3n de tecnolog\u00edas abiertas y el desarrollo sostenible. Hoy en d\u00eda, somos el principal proyecto educativo de la Fundaci\u00f3n Innovar, lo que refleja nuestra dedicaci\u00f3n al progreso y a la formaci\u00f3n integral de personas y comunidades.<\/p>\n<p>Extendemos nuestra invitaci\u00f3n a todas las personas que compartan estos principios a unirse a nuestro equipo, contribuyendo a transformar la educaci\u00f3n y la tecnolog\u00eda en herramientas accesibles e inclusivas para todos.<\/p>\n\n\n<figure class=\"wp-block-embed is-type-video is-provider-youtube wp-block-embed-youtube wp-embed-aspect-16-9 wp-has-aspect-ratio\"><div class=\"wp-block-embed__wrapper\">\n<span class=\"embed-youtube\" style=\"text-align:center; display: block;\"><iframe loading=\"lazy\" class=\"youtube-player\" width=\"1170\" height=\"659\" src=\"https:\/\/www.youtube.com\/embed\/yPoUMWXUhUU?version=3&#038;rel=1&#038;showsearch=0&#038;showinfo=1&#038;iv_load_policy=1&#038;fs=1&#038;hl=es-ES&#038;autohide=2&#038;wmode=transparent\" allowfullscreen=\"true\" style=\"border:0;\" sandbox=\"allow-scripts allow-same-origin allow-popups allow-presentation allow-popups-to-escape-sandbox\"><\/iframe><\/span>\n<\/div><\/figure>\n","protected":false},"excerpt":{"rendered":"<p>Desde nuestra fundaci\u00f3n en 2015, nos hemos dedicado a fomentar el aprendizaje colaborativo mediante el descubrimiento y la aplicaci\u00f3n de nuevas tecnolog\u00edas. Nuestra misi\u00f3n es inspirar a estudiantes y docentes a explorar formas innovadoras de ense\u00f1ar y aprender, promoviendo la creatividad, el trabajo en equipo y el pensamiento cr\u00edtico. A trav\u00e9s del uso de herramientas [&hellip;]<\/p>\n","protected":false},"author":1,"featured_media":0,"parent":0,"menu_order":0,"comment_status":"closed","ping_status":"closed","template":"","meta":{"jetpack_post_was_ever_published":false,"footnotes":""},"class_list":["post-48","page","type-page","status-publish","czr-hentry"],"aioseo_notices":[],"jetpack_sharing_enabled":true,"jetpack_shortlink":"https:\/\/wp.me\/P9QtGz-M","_links":{"self":[{"href":"https:\/\/iita.com.ar\/salta\/wp-json\/wp\/v2\/pages\/48","targetHints":{"allow":["GET"]}}],"collection":[{"href":"https:\/\/iita.com.ar\/salta\/wp-json\/wp\/v2\/pages"}],"about":[{"href":"https:\/\/iita.com.ar\/salta\/wp-json\/wp\/v2\/types\/page"}],"author":[{"embeddable":true,"href":"https:\/\/iita.com.ar\/salta\/wp-json\/wp\/v2\/users\/1"}],"replies":[{"embeddable":true,"href":"https:\/\/iita.com.ar\/salta\/wp-json\/wp\/v2\/comments?post=48"}],"version-history":[{"count":4,"href":"https:\/\/iita.com.ar\/salta\/wp-json\/wp\/v2\/pages\/48\/revisions"}],"predecessor-version":[{"id":4937,"href":"https:\/\/iita.com.ar\/salta\/wp-json\/wp\/v2\/pages\/48\/revisions\/4937"}],"wp:attachment":[{"href":"https:\/\/iita.com.ar\/salta\/wp-json\/wp\/v2\/media?parent=48"}],"curies":[{"name":"wp","href":"https:\/\/api.w.org\/{rel}","templated":true}]}}