{"id":31,"date":"2014-12-26T19:00:43","date_gmt":"2014-12-26T22:00:43","guid":{"rendered":"http:\/\/iita.com.ar\/?page_id=31"},"modified":"2014-12-26T19:00:43","modified_gmt":"2014-12-26T22:00:43","slug":"open-software","status":"publish","type":"page","link":"https:\/\/iita.com.ar\/salta\/open-software\/","title":{"rendered":"Open Software"},"content":{"rendered":"<p>Introducci\u00f3n a significado y tendencias de licencias GNU, GPL, Open Source y Free Software.<\/p>\n<p>Modelos de negocio de Open Source, implicancias pr\u00e1cticas, t\u00e9cnicas y legales.<\/p>\n<p>Cursos especiales de instalaci\u00f3n y administraci\u00f3n de herramientas open software como ser:<\/p>\n<p>* Linux.<\/p>\n<p>* Open Office.<\/p>\n<p>* Open ERP.<\/p>\n<p>* Android.<\/p>\n<p>&nbsp;<\/p>\n<p>&nbsp;<\/p>\n","protected":false},"excerpt":{"rendered":"<p>Introducci\u00f3n a significado y tendencias de licencias GNU, GPL, Open Source y Free Software. Modelos de negocio de Open Source, implicancias pr\u00e1cticas, t\u00e9cnicas y legales. Cursos especiales de instalaci\u00f3n y administraci\u00f3n de herramientas open software como ser: * Linux. * Open Office. * Open ERP. * Android. &nbsp; &nbsp;<\/p>\n","protected":false},"author":1,"featured_media":0,"parent":0,"menu_order":0,"comment_status":"closed","ping_status":"closed","template":"","meta":{"jetpack_post_was_ever_published":false,"footnotes":""},"class_list":["post-31","page","type-page","status-publish","czr-hentry"],"aioseo_notices":[],"jetpack_sharing_enabled":true,"jetpack_shortlink":"https:\/\/wp.me\/P9QtGz-v","_links":{"self":[{"href":"https:\/\/iita.com.ar\/salta\/wp-json\/wp\/v2\/pages\/31","targetHints":{"allow":["GET"]}}],"collection":[{"href":"https:\/\/iita.com.ar\/salta\/wp-json\/wp\/v2\/pages"}],"about":[{"href":"https:\/\/iita.com.ar\/salta\/wp-json\/wp\/v2\/types\/page"}],"author":[{"embeddable":true,"href":"https:\/\/iita.com.ar\/salta\/wp-json\/wp\/v2\/users\/1"}],"replies":[{"embeddable":true,"href":"https:\/\/iita.com.ar\/salta\/wp-json\/wp\/v2\/comments?post=31"}],"version-history":[{"count":0,"href":"https:\/\/iita.com.ar\/salta\/wp-json\/wp\/v2\/pages\/31\/revisions"}],"wp:attachment":[{"href":"https:\/\/iita.com.ar\/salta\/wp-json\/wp\/v2\/media?parent=31"}],"curies":[{"name":"wp","href":"https:\/\/api.w.org\/{rel}","templated":true}]}}