{"id":27,"date":"2014-12-26T18:47:57","date_gmt":"2014-12-26T21:47:57","guid":{"rendered":"http:\/\/iita.com.ar\/?page_id=27"},"modified":"2014-12-26T18:47:57","modified_gmt":"2014-12-26T21:47:57","slug":"clowd-computing","status":"publish","type":"page","link":"https:\/\/iita.com.ar\/salta\/clowd-computing\/","title":{"rendered":"Cloud Computing"},"content":{"rendered":"<p>Computaci\u00f3n en la nube<\/p>\n<p>Google Cloud y Amamzon Web Services.<\/p>\n<p>Seguridad, respaldos, accesos, costos.<\/p>\n<p>Principios, tecnolog\u00edas disponibles para PYMES, casos pr\u00e1cticos hosting.<\/p>\n<p>Uso hosting ORACLE APEX, Amazon Web Services.<\/p>\n<p>Dise\u00f1o aplicaciones con ORACLE APEX.<\/p>\n<p>&nbsp;<\/p>\n","protected":false},"excerpt":{"rendered":"<p>Computaci\u00f3n en la nube Google Cloud y Amamzon Web Services. Seguridad, respaldos, accesos, costos. Principios, tecnolog\u00edas disponibles para PYMES, casos pr\u00e1cticos hosting. Uso hosting ORACLE APEX, Amazon Web Services. Dise\u00f1o aplicaciones con ORACLE APEX. &nbsp;<\/p>\n","protected":false},"author":1,"featured_media":0,"parent":0,"menu_order":0,"comment_status":"closed","ping_status":"closed","template":"","meta":{"jetpack_post_was_ever_published":false,"footnotes":""},"class_list":["post-27","page","type-page","status-publish","czr-hentry"],"aioseo_notices":[],"jetpack_sharing_enabled":true,"jetpack_shortlink":"https:\/\/wp.me\/P9QtGz-r","_links":{"self":[{"href":"https:\/\/iita.com.ar\/salta\/wp-json\/wp\/v2\/pages\/27","targetHints":{"allow":["GET"]}}],"collection":[{"href":"https:\/\/iita.com.ar\/salta\/wp-json\/wp\/v2\/pages"}],"about":[{"href":"https:\/\/iita.com.ar\/salta\/wp-json\/wp\/v2\/types\/page"}],"author":[{"embeddable":true,"href":"https:\/\/iita.com.ar\/salta\/wp-json\/wp\/v2\/users\/1"}],"replies":[{"embeddable":true,"href":"https:\/\/iita.com.ar\/salta\/wp-json\/wp\/v2\/comments?post=27"}],"version-history":[{"count":0,"href":"https:\/\/iita.com.ar\/salta\/wp-json\/wp\/v2\/pages\/27\/revisions"}],"wp:attachment":[{"href":"https:\/\/iita.com.ar\/salta\/wp-json\/wp\/v2\/media?parent=27"}],"curies":[{"name":"wp","href":"https:\/\/api.w.org\/{rel}","templated":true}]}}