{"id":24,"date":"2014-12-26T18:44:24","date_gmt":"2014-12-26T21:44:24","guid":{"rendered":"http:\/\/iita.com.ar\/?page_id=24"},"modified":"2022-11-22T13:37:52","modified_gmt":"2022-11-22T16:37:52","slug":"diseno-web","status":"publish","type":"page","link":"https:\/\/iita.com.ar\/salta\/diseno-web\/","title":{"rendered":"Curso de Dise\u00f1o Web"},"content":{"rendered":"\n<figure class=\"wp-block-image size-large\"><img data-recalc-dims=\"1\" loading=\"lazy\" decoding=\"async\" width=\"1024\" height=\"1024\" src=\"https:\/\/i0.wp.com\/iita.com.ar\/salta\/wp-content\/uploads\/sites\/8\/2022\/11\/Curso-wordpress-crea-sitios-profesionales-1.jpg?resize=1024%2C1024&#038;ssl=1\" alt=\"\" class=\"wp-image-2954\" srcset=\"https:\/\/i0.wp.com\/iita.com.ar\/salta\/wp-content\/uploads\/sites\/8\/2022\/11\/Curso-wordpress-crea-sitios-profesionales-1.jpg?resize=1024%2C1024&amp;ssl=1 1024w, https:\/\/i0.wp.com\/iita.com.ar\/salta\/wp-content\/uploads\/sites\/8\/2022\/11\/Curso-wordpress-crea-sitios-profesionales-1.jpg?resize=300%2C300&amp;ssl=1 300w, https:\/\/i0.wp.com\/iita.com.ar\/salta\/wp-content\/uploads\/sites\/8\/2022\/11\/Curso-wordpress-crea-sitios-profesionales-1.jpg?resize=150%2C150&amp;ssl=1 150w, https:\/\/i0.wp.com\/iita.com.ar\/salta\/wp-content\/uploads\/sites\/8\/2022\/11\/Curso-wordpress-crea-sitios-profesionales-1.jpg?resize=768%2C768&amp;ssl=1 768w, https:\/\/i0.wp.com\/iita.com.ar\/salta\/wp-content\/uploads\/sites\/8\/2022\/11\/Curso-wordpress-crea-sitios-profesionales-1.jpg?w=1080&amp;ssl=1 1080w\" sizes=\"auto, (max-width: 1024px) 100vw, 1024px\" \/><\/figure>\n\n\n<p>Cursos de dise\u00f1o de \u00a0sitio web con WordPress, sin tener conocimientos de programaci\u00f3n.<\/p>\n<p>Uso de herramientas de wordpress para poner en funcionamiento sitios web profesionales con contenidos administrables por los usuarios finales sin intervenci\u00f3n del programador.<\/p>\n<p>Abierta la inscripci\u00f3n para curso de construcci\u00f3n de sitios web con wordpress.<\/p>\n<p><em><strong>Curso de dos meses de duraci\u00f3n, clases una vez a la semana, no se necesitan conocimientos previos, al finalizar el curso los alumnos tendr\u00e1n los conocimientos suficientes como para poner en funcionamiento su propio sitio de internet.<\/strong><\/em><\/p>\n<p>Durante el curso aprender\u00e1s a poner en funcionamiento un sitio profesional, con vinculaci\u00f3n a redes sociales, carritos de compra con woocommerce, vinculaci\u00f3n con Google Ads y Google Analytics.<\/p>\n<p>Clases dictadas por la profesionales con amplia experiencia en puesta en funcionamiento \u00a0de sitios web.<\/p>\n<p>El curso incluye el hosting para un sitio de cada alumno durante la duraci\u00f3n del curso.<\/p>\n<p>Inscripciones en el instituto Buenos Aires 135, oficina 102 o por whatsapp al +5493875442676<\/p>\n<p>Consultar fechas y horarios disponibles<\/p>\n<p>Compartimos un mensaje recibido de uno de nuestros alumnos del \u00faltimo curso dictado:<\/p>\n<p>\u00abHola, s\u00f3lo escribo para contarte que desde hace dos semanas la p\u00e1gina ya funciona a full. Est\u00e1 teniendo \u00e9xito creo para el poco tiempo que est\u00e1 en circulaci\u00f3n. Unas 180-200 visitas por d\u00eda, incluso tiene mas visitas que la Facultad completa. Lo cual supera mis expectativas para este corto tiempo.<\/p>\n<p>En realidad quer\u00eda agradecerte por todas las atenciones. Muchas gracias por todo.<\/p>\n<p>\u00a0<\/p>\n\n<div class=\"wp-block-jetpack-contact-form is-layout-flex wp-container-jetpack-contact-form-is-layout-026b38f8 wp-block-jetpack-contact-form-is-layout-flex\"><a href=\"https:\/\/iita.com.ar\/salta\/diseno-web\/\" target=\"_blank\" rel=\"noopener noreferrer\">Env\u00eda un formulario.<\/a><\/div>\n\n\n<figure class=\"wp-block-image size-large is-resized\"><img data-recalc-dims=\"1\" loading=\"lazy\" decoding=\"async\" src=\"https:\/\/i0.wp.com\/iita.com.ar\/salta\/wp-content\/uploads\/sites\/8\/2022\/11\/Curso-wordpress-crea-sitios-profesionales-3.jpg?resize=840%2C840&#038;ssl=1\" alt=\"\" class=\"wp-image-2956\" width=\"840\" height=\"840\" srcset=\"https:\/\/i0.wp.com\/iita.com.ar\/salta\/wp-content\/uploads\/sites\/8\/2022\/11\/Curso-wordpress-crea-sitios-profesionales-3.jpg?resize=1024%2C1024&amp;ssl=1 1024w, https:\/\/i0.wp.com\/iita.com.ar\/salta\/wp-content\/uploads\/sites\/8\/2022\/11\/Curso-wordpress-crea-sitios-profesionales-3.jpg?resize=300%2C300&amp;ssl=1 300w, https:\/\/i0.wp.com\/iita.com.ar\/salta\/wp-content\/uploads\/sites\/8\/2022\/11\/Curso-wordpress-crea-sitios-profesionales-3.jpg?resize=150%2C150&amp;ssl=1 150w, https:\/\/i0.wp.com\/iita.com.ar\/salta\/wp-content\/uploads\/sites\/8\/2022\/11\/Curso-wordpress-crea-sitios-profesionales-3.jpg?resize=768%2C768&amp;ssl=1 768w, https:\/\/i0.wp.com\/iita.com.ar\/salta\/wp-content\/uploads\/sites\/8\/2022\/11\/Curso-wordpress-crea-sitios-profesionales-3.jpg?w=1080&amp;ssl=1 1080w\" sizes=\"auto, (max-width: 840px) 100vw, 840px\" \/><\/figure>\n\n\n\n<figure class=\"wp-block-image size-large\"><img data-recalc-dims=\"1\" loading=\"lazy\" decoding=\"async\" width=\"1024\" height=\"1024\" src=\"https:\/\/i0.wp.com\/iita.com.ar\/salta\/wp-content\/uploads\/sites\/8\/2022\/11\/Crea-tu-Tienda-Online-y-Sitios-Profesionales.png?resize=1024%2C1024&#038;ssl=1\" alt=\"\" class=\"wp-image-2957\" srcset=\"https:\/\/i0.wp.com\/iita.com.ar\/salta\/wp-content\/uploads\/sites\/8\/2022\/11\/Crea-tu-Tienda-Online-y-Sitios-Profesionales.png?resize=1024%2C1024&amp;ssl=1 1024w, https:\/\/i0.wp.com\/iita.com.ar\/salta\/wp-content\/uploads\/sites\/8\/2022\/11\/Crea-tu-Tienda-Online-y-Sitios-Profesionales.png?resize=300%2C300&amp;ssl=1 300w, https:\/\/i0.wp.com\/iita.com.ar\/salta\/wp-content\/uploads\/sites\/8\/2022\/11\/Crea-tu-Tienda-Online-y-Sitios-Profesionales.png?resize=150%2C150&amp;ssl=1 150w, https:\/\/i0.wp.com\/iita.com.ar\/salta\/wp-content\/uploads\/sites\/8\/2022\/11\/Crea-tu-Tienda-Online-y-Sitios-Profesionales.png?resize=768%2C768&amp;ssl=1 768w, https:\/\/i0.wp.com\/iita.com.ar\/salta\/wp-content\/uploads\/sites\/8\/2022\/11\/Crea-tu-Tienda-Online-y-Sitios-Profesionales.png?w=1080&amp;ssl=1 1080w\" sizes=\"auto, (max-width: 1024px) 100vw, 1024px\" \/><\/figure>\n","protected":false},"excerpt":{"rendered":"<p>Cursos de dise\u00f1o de \u00a0sitio web con WordPress, sin tener conocimientos de programaci\u00f3n. Uso de herramientas de wordpress para poner en funcionamiento sitios web profesionales con contenidos administrables por los usuarios finales sin intervenci\u00f3n del programador. Abierta la inscripci\u00f3n para curso de construcci\u00f3n de sitios web con wordpress. Curso de dos meses de duraci\u00f3n, clases [&hellip;]<\/p>\n","protected":false},"author":1,"featured_media":1804,"parent":0,"menu_order":0,"comment_status":"closed","ping_status":"closed","template":"","meta":{"jetpack_post_was_ever_published":false,"footnotes":""},"class_list":["post-24","page","type-page","status-publish","has-post-thumbnail","czr-hentry"],"aioseo_notices":[],"jetpack_sharing_enabled":true,"jetpack_shortlink":"https:\/\/wp.me\/P9QtGz-o","_links":{"self":[{"href":"https:\/\/iita.com.ar\/salta\/wp-json\/wp\/v2\/pages\/24","targetHints":{"allow":["GET"]}}],"collection":[{"href":"https:\/\/iita.com.ar\/salta\/wp-json\/wp\/v2\/pages"}],"about":[{"href":"https:\/\/iita.com.ar\/salta\/wp-json\/wp\/v2\/types\/page"}],"author":[{"embeddable":true,"href":"https:\/\/iita.com.ar\/salta\/wp-json\/wp\/v2\/users\/1"}],"replies":[{"embeddable":true,"href":"https:\/\/iita.com.ar\/salta\/wp-json\/wp\/v2\/comments?post=24"}],"version-history":[{"count":6,"href":"https:\/\/iita.com.ar\/salta\/wp-json\/wp\/v2\/pages\/24\/revisions"}],"predecessor-version":[{"id":2959,"href":"https:\/\/iita.com.ar\/salta\/wp-json\/wp\/v2\/pages\/24\/revisions\/2959"}],"wp:featuredmedia":[{"embeddable":true,"href":"https:\/\/iita.com.ar\/salta\/wp-json\/wp\/v2\/media\/1804"}],"wp:attachment":[{"href":"https:\/\/iita.com.ar\/salta\/wp-json\/wp\/v2\/media?parent=24"}],"curies":[{"name":"wp","href":"https:\/\/api.w.org\/{rel}","templated":true}]}}