{"id":18,"date":"2014-12-26T18:23:31","date_gmt":"2014-12-26T21:23:31","guid":{"rendered":"http:\/\/iita.com.ar\/?page_id=18"},"modified":"2014-12-26T18:23:31","modified_gmt":"2014-12-26T21:23:31","slug":"energias-renovables","status":"publish","type":"page","link":"https:\/\/iita.com.ar\/salta\/energias-renovables\/","title":{"rendered":"Energ\u00edas Renovables"},"content":{"rendered":"<p>Utilizaci\u00f3n eficiente de energ\u00eda y \u00a0nuevas fuentes de energ\u00eda.<\/p>\n<p>Cursos de capacitaci\u00f3n sobre tipos, uso e instalaci\u00f3n de sistemas de calefacci\u00f3n solar.Principios te\u00f3ricos de funcionamiento, tecnolog\u00edas disponibles, casos de aplicaci\u00f3n, dise\u00f1o, dimensionamiento y selecci\u00f3n de tecnolog\u00edas para casos concretos de aplicaci\u00f3n.<\/p>\n<p>Sistemas de generaci\u00f3n energ\u00eda el\u00e9ctrica con paneles fotovoltaicos. Principios, tecnolog\u00edas disponibles, dise\u00f1o, dimensionamiento de equipos e instalaci\u00f3n.<\/p>\n<p>Sistemas de generaci\u00f3n de energ\u00eda e\u00f3lica. Principios de funcionamiento, equipos disponibles, dimensionamiento e instalaci\u00f3n.<\/p>\n<p>Sistemas de optimizaci\u00f3n de uso de energ\u00eda. C\u00e1lculo de p\u00e9rdidas cal\u00f3ricas en construcciones. Principios de dise\u00f1o eficiente y c\u00e1lculo de rendimiento y p\u00e9rdidas. Sistemas de optimizaci\u00f3n. Aberturas, asilaciones, iluminaci\u00f3n led.<\/p>\n<p>Sistemas de iluminaci\u00f3n LED. Principios de funcionamiento. Tecnolog\u00edas disponibles. Dimensionamiento y casos de aplicaci\u00f3n.<\/p>\n<p>Consultar por cursos que inician en Agosto 2017<\/p>\n","protected":false},"excerpt":{"rendered":"<p>Utilizaci\u00f3n eficiente de energ\u00eda y \u00a0nuevas fuentes de energ\u00eda. Cursos de capacitaci\u00f3n sobre tipos, uso e instalaci\u00f3n de sistemas de calefacci\u00f3n solar.Principios te\u00f3ricos de funcionamiento, tecnolog\u00edas disponibles, casos de aplicaci\u00f3n, dise\u00f1o, dimensionamiento y selecci\u00f3n de tecnolog\u00edas para casos concretos de aplicaci\u00f3n. Sistemas de generaci\u00f3n energ\u00eda el\u00e9ctrica con paneles fotovoltaicos. Principios, tecnolog\u00edas disponibles, dise\u00f1o, dimensionamiento de [&hellip;]<\/p>\n","protected":false},"author":1,"featured_media":0,"parent":0,"menu_order":0,"comment_status":"closed","ping_status":"closed","template":"","meta":{"jetpack_post_was_ever_published":false,"footnotes":""},"class_list":["post-18","page","type-page","status-publish","czr-hentry"],"aioseo_notices":[],"jetpack_sharing_enabled":true,"jetpack_shortlink":"https:\/\/wp.me\/P9QtGz-i","_links":{"self":[{"href":"https:\/\/iita.com.ar\/salta\/wp-json\/wp\/v2\/pages\/18","targetHints":{"allow":["GET"]}}],"collection":[{"href":"https:\/\/iita.com.ar\/salta\/wp-json\/wp\/v2\/pages"}],"about":[{"href":"https:\/\/iita.com.ar\/salta\/wp-json\/wp\/v2\/types\/page"}],"author":[{"embeddable":true,"href":"https:\/\/iita.com.ar\/salta\/wp-json\/wp\/v2\/users\/1"}],"replies":[{"embeddable":true,"href":"https:\/\/iita.com.ar\/salta\/wp-json\/wp\/v2\/comments?post=18"}],"version-history":[{"count":0,"href":"https:\/\/iita.com.ar\/salta\/wp-json\/wp\/v2\/pages\/18\/revisions"}],"wp:attachment":[{"href":"https:\/\/iita.com.ar\/salta\/wp-json\/wp\/v2\/media?parent=18"}],"curies":[{"name":"wp","href":"https:\/\/api.w.org\/{rel}","templated":true}]}}