{"id":16,"date":"2014-12-26T18:15:42","date_gmt":"2014-12-26T21:15:42","guid":{"rendered":"http:\/\/iita.com.ar\/?page_id=16"},"modified":"2022-11-22T13:46:43","modified_gmt":"2022-11-22T16:46:43","slug":"impresion-3d","status":"publish","type":"page","link":"https:\/\/iita.com.ar\/salta\/impresion-3d\/","title":{"rendered":"Impresi\u00f3n 3D"},"content":{"rendered":"\n<figure class=\"wp-block-image size-full\"><img data-recalc-dims=\"1\" loading=\"lazy\" decoding=\"async\" width=\"960\" height=\"960\" src=\"https:\/\/i0.wp.com\/iita.com.ar\/salta\/wp-content\/uploads\/sites\/8\/2022\/11\/Curso-de-Impresion-3D-1.jpg?resize=960%2C960&#038;ssl=1\" alt=\"\" class=\"wp-image-2960\" srcset=\"https:\/\/i0.wp.com\/iita.com.ar\/salta\/wp-content\/uploads\/sites\/8\/2022\/11\/Curso-de-Impresion-3D-1.jpg?w=960&amp;ssl=1 960w, https:\/\/i0.wp.com\/iita.com.ar\/salta\/wp-content\/uploads\/sites\/8\/2022\/11\/Curso-de-Impresion-3D-1.jpg?resize=300%2C300&amp;ssl=1 300w, https:\/\/i0.wp.com\/iita.com.ar\/salta\/wp-content\/uploads\/sites\/8\/2022\/11\/Curso-de-Impresion-3D-1.jpg?resize=150%2C150&amp;ssl=1 150w, https:\/\/i0.wp.com\/iita.com.ar\/salta\/wp-content\/uploads\/sites\/8\/2022\/11\/Curso-de-Impresion-3D-1.jpg?resize=768%2C768&amp;ssl=1 768w\" sizes=\"auto, (max-width: 960px) 100vw, 960px\" \/><\/figure>\n\n\n\n<figure class=\"wp-block-gallery has-nested-images columns-default is-cropped wp-block-gallery-1 is-layout-flex wp-block-gallery-is-layout-flex\">\n<figure class=\"wp-block-image size-large\"><img data-recalc-dims=\"1\" loading=\"lazy\" decoding=\"async\" width=\"1024\" height=\"1024\" data-id=\"2963\" src=\"https:\/\/i0.wp.com\/iita.com.ar\/salta\/wp-content\/uploads\/sites\/8\/2022\/11\/Curso-de-Impresion-3D-5.jpg?resize=1024%2C1024&#038;ssl=1\" alt=\"\" class=\"wp-image-2963\" srcset=\"https:\/\/i0.wp.com\/iita.com.ar\/salta\/wp-content\/uploads\/sites\/8\/2022\/11\/Curso-de-Impresion-3D-5.jpg?resize=1024%2C1024&amp;ssl=1 1024w, https:\/\/i0.wp.com\/iita.com.ar\/salta\/wp-content\/uploads\/sites\/8\/2022\/11\/Curso-de-Impresion-3D-5.jpg?resize=300%2C300&amp;ssl=1 300w, https:\/\/i0.wp.com\/iita.com.ar\/salta\/wp-content\/uploads\/sites\/8\/2022\/11\/Curso-de-Impresion-3D-5.jpg?resize=150%2C150&amp;ssl=1 150w, https:\/\/i0.wp.com\/iita.com.ar\/salta\/wp-content\/uploads\/sites\/8\/2022\/11\/Curso-de-Impresion-3D-5.jpg?resize=768%2C768&amp;ssl=1 768w, https:\/\/i0.wp.com\/iita.com.ar\/salta\/wp-content\/uploads\/sites\/8\/2022\/11\/Curso-de-Impresion-3D-5.jpg?w=1080&amp;ssl=1 1080w\" sizes=\"auto, (max-width: 1024px) 100vw, 1024px\" \/><\/figure>\n\n\n\n<figure class=\"wp-block-image size-large\"><img data-recalc-dims=\"1\" loading=\"lazy\" decoding=\"async\" width=\"1024\" height=\"1024\" data-id=\"2964\" src=\"https:\/\/i0.wp.com\/iita.com.ar\/salta\/wp-content\/uploads\/sites\/8\/2022\/11\/Curso-de-Impresion-3D-6.jpg?resize=1024%2C1024&#038;ssl=1\" alt=\"\" class=\"wp-image-2964\" srcset=\"https:\/\/i0.wp.com\/iita.com.ar\/salta\/wp-content\/uploads\/sites\/8\/2022\/11\/Curso-de-Impresion-3D-6.jpg?resize=1024%2C1024&amp;ssl=1 1024w, https:\/\/i0.wp.com\/iita.com.ar\/salta\/wp-content\/uploads\/sites\/8\/2022\/11\/Curso-de-Impresion-3D-6.jpg?resize=300%2C300&amp;ssl=1 300w, https:\/\/i0.wp.com\/iita.com.ar\/salta\/wp-content\/uploads\/sites\/8\/2022\/11\/Curso-de-Impresion-3D-6.jpg?resize=150%2C150&amp;ssl=1 150w, https:\/\/i0.wp.com\/iita.com.ar\/salta\/wp-content\/uploads\/sites\/8\/2022\/11\/Curso-de-Impresion-3D-6.jpg?resize=768%2C768&amp;ssl=1 768w, https:\/\/i0.wp.com\/iita.com.ar\/salta\/wp-content\/uploads\/sites\/8\/2022\/11\/Curso-de-Impresion-3D-6.jpg?w=1080&amp;ssl=1 1080w\" sizes=\"auto, (max-width: 1024px) 100vw, 1024px\" \/><\/figure>\n\n\n\n<figure class=\"wp-block-image size-large\"><img data-recalc-dims=\"1\" loading=\"lazy\" decoding=\"async\" width=\"777\" height=\"1600\" data-id=\"2965\" src=\"https:\/\/i0.wp.com\/iita.com.ar\/salta\/wp-content\/uploads\/sites\/8\/2022\/11\/IMG-20221024-WA0014.jpg?resize=777%2C1600&#038;ssl=1\" alt=\"Curso de Impresi\u00f3n 3D\" class=\"wp-image-2965\" srcset=\"https:\/\/i0.wp.com\/iita.com.ar\/salta\/wp-content\/uploads\/sites\/8\/2022\/11\/IMG-20221024-WA0014.jpg?w=777&amp;ssl=1 777w, https:\/\/i0.wp.com\/iita.com.ar\/salta\/wp-content\/uploads\/sites\/8\/2022\/11\/IMG-20221024-WA0014.jpg?resize=146%2C300&amp;ssl=1 146w, https:\/\/i0.wp.com\/iita.com.ar\/salta\/wp-content\/uploads\/sites\/8\/2022\/11\/IMG-20221024-WA0014.jpg?resize=497%2C1024&amp;ssl=1 497w, https:\/\/i0.wp.com\/iita.com.ar\/salta\/wp-content\/uploads\/sites\/8\/2022\/11\/IMG-20221024-WA0014.jpg?resize=768%2C1581&amp;ssl=1 768w, https:\/\/i0.wp.com\/iita.com.ar\/salta\/wp-content\/uploads\/sites\/8\/2022\/11\/IMG-20221024-WA0014.jpg?resize=746%2C1536&amp;ssl=1 746w\" sizes=\"auto, (max-width: 777px) 100vw, 777px\" \/><\/figure>\n<\/figure>\n\n\n<p>En IITA dictamos distintos cursos sobre Impresi\u00f3n 3d<\/p>\n<ul>\n<li>Introducci\u00f3n al mundo de la impresi\u00f3n 3D<\/li>\n<li>Capacitaci\u00f3n en uso de impresoras 3D y en dise\u00f1o de modelos aptos para fabricarse en impresoras 3D.<\/li>\n<li>Taller de armado de impresoras 3D en el que aprender\u00e1s a armar\u00a0 y calibrar tu propia impresora.<\/li>\n<\/ul>\n<p>Est\u00e1n abiertas las inscripciones para estos cursos, el m\u00e1s solicitado es el curso de introducci\u00f3n a la impresi\u00f3n 3d<\/p>\n<p>Dirigido a todos los que quieran entender una de las tecnolog\u00edas m\u00e1s fascinantes, que est\u00e1 revolucionando la forma en que hacemos las cosas. Este curso ofrece una visi\u00f3n general de una amplia gama de tecnolog\u00edas de fabricaci\u00f3n aditiva.<\/p>\n<p><strong>Docente: <\/strong>Ing. Gustavo Viollaz<\/p>\n<p><strong>Duraci\u00f3n: <\/strong>18 horas c\u00e1tedra.<\/p>\n<p><strong>Contenido:<\/strong> Los participantes explorar\u00e1n muchos temas que incluyen:<\/p>\n<p><strong>\u00bfQu\u00e9 es la fabricaci\u00f3n aditiva?<\/strong><\/p>\n<p>Aprender los procesos y tecnolog\u00edas implicadas y obtener una comprensi\u00f3n del universo de las tecnolog\u00edas de fabricaci\u00f3n en uso. Incluyendo una descripci\u00f3n de casos exitosos de uso de la impresi\u00f3n 3D en Argentina y en el mundo en \u00e1reas como medicina, industria, rob\u00f3tica entre otros.<\/p>\n<p><strong>\u00bfC\u00f3mo crear objetos con una impresora 3D?<\/strong><\/p>\n<p>Conocer cu\u00e1les son y c\u00f3mo se utilizan los programas para convertir representaciones tridimensionales de objetos en capas imprimibles. Analizando los distintos formatos de archivos y software disponibles para impresi\u00f3n 3D y para controlar el proceso de impresi\u00f3n.<\/p>\n<p><strong>\u00bfC\u00f3mo optimizar la calidad de las impresiones?<\/strong><\/p>\n<p>Indagaremos por los distintos par\u00e1metros que afectan la calidad y velocidad de la impresi\u00f3n y que hay que optimizar como ser temperaturas, velocidades, tipo de base, estructuras de soporte, tipos de materiales.<\/p>\n<p><strong>\u00bfC\u00f3mo utilizar modelos predise\u00f1ados? <\/strong><\/p>\n<p>Conoceremos cuales son y c\u00f3mo utilizar los mejores repositorios de modelos digitales especialmente creados para ser utilizados en las impresoras 3D.<\/p>\n<p><strong>Pr\u00e1ctica real en impresoras 3D<\/strong><\/p>\n<p>Durante el curso utilizaremos dos impresoras 3D y durante las clases se imprimir\u00e1n diversas piezas. Los alumnos participar\u00e1n en procesos de calibraci\u00f3n, limpieza, puesta a punto inicial, selecci\u00f3n de tipos de materiales, entre otros temas.<\/p>\n<p><strong>Si estas interesado en inscribirte completa el siguiente formulario de contacto:<\/strong><\/p>\n<p>\u00a0<\/p>\n\n<div class=\"wp-block-jetpack-contact-form is-layout-flex wp-container-jetpack-contact-form-is-layout-026b38f8 wp-block-jetpack-contact-form-is-layout-flex\"><a href=\"https:\/\/iita.com.ar\/salta\/impresion-3d\/\" target=\"_blank\" rel=\"noopener noreferrer\">Env\u00eda un formulario.<\/a><\/div>\n\n\n<figure class=\"wp-block-image size-large\"><img data-recalc-dims=\"1\" loading=\"lazy\" decoding=\"async\" width=\"1024\" height=\"1024\" src=\"https:\/\/i0.wp.com\/iita.com.ar\/salta\/wp-content\/uploads\/sites\/8\/2022\/11\/Curso-de-Impresion-3D-9.jpg?resize=1024%2C1024&#038;ssl=1\" alt=\"\" class=\"wp-image-2962\" srcset=\"https:\/\/i0.wp.com\/iita.com.ar\/salta\/wp-content\/uploads\/sites\/8\/2022\/11\/Curso-de-Impresion-3D-9.jpg?resize=1024%2C1024&amp;ssl=1 1024w, https:\/\/i0.wp.com\/iita.com.ar\/salta\/wp-content\/uploads\/sites\/8\/2022\/11\/Curso-de-Impresion-3D-9.jpg?resize=300%2C300&amp;ssl=1 300w, https:\/\/i0.wp.com\/iita.com.ar\/salta\/wp-content\/uploads\/sites\/8\/2022\/11\/Curso-de-Impresion-3D-9.jpg?resize=150%2C150&amp;ssl=1 150w, https:\/\/i0.wp.com\/iita.com.ar\/salta\/wp-content\/uploads\/sites\/8\/2022\/11\/Curso-de-Impresion-3D-9.jpg?resize=768%2C768&amp;ssl=1 768w, https:\/\/i0.wp.com\/iita.com.ar\/salta\/wp-content\/uploads\/sites\/8\/2022\/11\/Curso-de-Impresion-3D-9.jpg?w=1080&amp;ssl=1 1080w\" sizes=\"auto, (max-width: 1024px) 100vw, 1024px\" \/><\/figure>\n","protected":false},"excerpt":{"rendered":"<p>En IITA dictamos distintos cursos sobre Impresi\u00f3n 3d Introducci\u00f3n al mundo de la impresi\u00f3n 3D Capacitaci\u00f3n en uso de impresoras 3D y en dise\u00f1o de modelos aptos para fabricarse en impresoras 3D. Taller de armado de impresoras 3D en el que aprender\u00e1s a armar\u00a0 y calibrar tu propia impresora. Est\u00e1n abiertas las inscripciones para estos [&hellip;]<\/p>\n","protected":false},"author":1,"featured_media":132,"parent":0,"menu_order":0,"comment_status":"closed","ping_status":"closed","template":"","meta":{"jetpack_post_was_ever_published":false,"footnotes":""},"class_list":["post-16","page","type-page","status-publish","has-post-thumbnail","czr-hentry"],"aioseo_notices":[],"jetpack_sharing_enabled":true,"jetpack_shortlink":"https:\/\/wp.me\/P9QtGz-g","_links":{"self":[{"href":"https:\/\/iita.com.ar\/salta\/wp-json\/wp\/v2\/pages\/16","targetHints":{"allow":["GET"]}}],"collection":[{"href":"https:\/\/iita.com.ar\/salta\/wp-json\/wp\/v2\/pages"}],"about":[{"href":"https:\/\/iita.com.ar\/salta\/wp-json\/wp\/v2\/types\/page"}],"author":[{"embeddable":true,"href":"https:\/\/iita.com.ar\/salta\/wp-json\/wp\/v2\/users\/1"}],"replies":[{"embeddable":true,"href":"https:\/\/iita.com.ar\/salta\/wp-json\/wp\/v2\/comments?post=16"}],"version-history":[{"count":5,"href":"https:\/\/iita.com.ar\/salta\/wp-json\/wp\/v2\/pages\/16\/revisions"}],"predecessor-version":[{"id":2967,"href":"https:\/\/iita.com.ar\/salta\/wp-json\/wp\/v2\/pages\/16\/revisions\/2967"}],"wp:featuredmedia":[{"embeddable":true,"href":"https:\/\/iita.com.ar\/salta\/wp-json\/wp\/v2\/media\/132"}],"wp:attachment":[{"href":"https:\/\/iita.com.ar\/salta\/wp-json\/wp\/v2\/media?parent=16"}],"curies":[{"name":"wp","href":"https:\/\/api.w.org\/{rel}","templated":true}]}}