{"id":1529,"date":"2017-09-21T00:15:34","date_gmt":"2017-09-21T03:15:34","guid":{"rendered":"http:\/\/www.iita.com.ar\/?page_id=1276"},"modified":"2019-12-29T16:49:07","modified_gmt":"2019-12-29T16:49:07","slug":"desarrollo-de-aplicaciones-moviles","status":"publish","type":"page","link":"https:\/\/iita.com.ar\/salta\/cursos\/desarrollo-de-aplicaciones-moviles\/","title":{"rendered":"Desarrollo de Aplicaciones M\u00f3viles"},"content":{"rendered":"<p><img data-recalc-dims=\"1\" decoding=\"async\" src=\"https:\/\/i0.wp.com\/aulary.com\/wp-content\/uploads\/2015\/10\/Creaci%C3%B3n-de-aplicaciones-m%C3%B3viles-en-dreamweaver.jpg?w=1170\" alt=\"Resultado de imagen para curso creacion aplicaciones moviles\" \/><\/p>\n<h2>Acerca de este Curso<\/h2>\n<p>Objetivo: en este curso aprender\u00e1s a dise\u00f1ar, construir y distribuir tu propia aplicaci\u00f3n para Android.<\/p>\n<p>Utilizaremos Android Studio IDE oficial para Android que proporciona las herramientas m\u00e1s r\u00e1pidas para crear apps en todas las clases de dispositivos Android.<\/p>\n<p>Vamos a utilizar software libre que se puede utilizar para emular un tel\u00e9fono en su PC. Se podr\u00e1 tambi\u00e9n probar la aplicaci\u00f3n en un dispositivo Android.<\/p>\n<h2>A qui\u00e9n est\u00e1 dirigido<\/h2>\n<p>Personas que tienen inter\u00e9s en aprender a programar en Android SDK: se utiliza java y ContentsLayout para el dise\u00f1o de la la interfaz gr\u00e1fica.<\/p>\n<h2>Programa<\/h2>\n<ol>\n<li>Introducci\u00f3n: enfoque general. Se muestran el tipo de aplicaciones que va a ser capaz de construir al final del curso.<\/li>\n<li>Dise\u00f1ar el gui\u00f3n gr\u00e1fico para su Aplicaci\u00f3n.<\/li>\n<li>Instalar herramientas: kit de desarrollo de Software de Android (SDK) y Visual Studio con el entorno de desarrollo integrado (IDE).<\/li>\n<li>Construir la primera aplicaci\u00f3n interactiva.<\/li>\n<li>Estructura de un proyecto<\/li>\n<li>Emulador<\/li>\n<li>Actividades<\/li>\n<li>Componentes gr\u00e1ficos de una actividad:\n<ol>\n<li>LinearLayout, RelativeLayout<\/li>\n<li>TextView, EditText, ImageView, Botones<\/li>\n<li>WebView<\/li>\n<li>ListView<\/li>\n<li>Toast<\/li>\n<\/ol>\n<\/li>\n<li>Pasar datos entre actividades.<\/li>\n<li>Sensor de proximidad.<\/li>\n<li>Desarrollo de bloques b\u00e1sicos de construcci\u00f3n.<\/li>\n<li>Armado de su proyecto utilizando los bloques b\u00e1sicos de construcci\u00f3n.<\/li>\n<li>Publicar una aplicaci\u00f3n.<\/li>\n<\/ol>\n<p>Pr\u00f3xima edici\u00f3n inicia en\u00a0 Febrero de 2020.<\/p>\n<p>Por mayor informaci\u00f3n llamar al 0387 4312900 o para inscribirse y reservar un lugar en calle Buenos Aires 135, oficina 102 del edificio Palermo.<\/p>\n\n\n<p><\/p>\n","protected":false},"excerpt":{"rendered":"<p>Acerca de este Curso Objetivo: en este curso aprender\u00e1s a dise\u00f1ar, construir y distribuir tu propia aplicaci\u00f3n para Android. Utilizaremos Android Studio IDE oficial para Android que proporciona las herramientas m\u00e1s r\u00e1pidas para crear apps en todas las clases de dispositivos Android. Vamos a utilizar software libre que se puede utilizar para emular un tel\u00e9fono [&hellip;]<\/p>\n","protected":false},"author":1,"featured_media":1268,"parent":100,"menu_order":0,"comment_status":"closed","ping_status":"closed","template":"","meta":{"jetpack_post_was_ever_published":false,"footnotes":""},"class_list":["post-1529","page","type-page","status-publish","has-post-thumbnail","czr-hentry"],"aioseo_notices":[],"jetpack_sharing_enabled":true,"jetpack_shortlink":"https:\/\/wp.me\/P9QtGz-oF","_links":{"self":[{"href":"https:\/\/iita.com.ar\/salta\/wp-json\/wp\/v2\/pages\/1529","targetHints":{"allow":["GET"]}}],"collection":[{"href":"https:\/\/iita.com.ar\/salta\/wp-json\/wp\/v2\/pages"}],"about":[{"href":"https:\/\/iita.com.ar\/salta\/wp-json\/wp\/v2\/types\/page"}],"author":[{"embeddable":true,"href":"https:\/\/iita.com.ar\/salta\/wp-json\/wp\/v2\/users\/1"}],"replies":[{"embeddable":true,"href":"https:\/\/iita.com.ar\/salta\/wp-json\/wp\/v2\/comments?post=1529"}],"version-history":[{"count":4,"href":"https:\/\/iita.com.ar\/salta\/wp-json\/wp\/v2\/pages\/1529\/revisions"}],"predecessor-version":[{"id":2460,"href":"https:\/\/iita.com.ar\/salta\/wp-json\/wp\/v2\/pages\/1529\/revisions\/2460"}],"up":[{"embeddable":true,"href":"https:\/\/iita.com.ar\/salta\/wp-json\/wp\/v2\/pages\/100"}],"wp:featuredmedia":[{"embeddable":true,"href":"https:\/\/iita.com.ar\/salta\/wp-json\/wp\/v2\/media\/1268"}],"wp:attachment":[{"href":"https:\/\/iita.com.ar\/salta\/wp-json\/wp\/v2\/media?parent=1529"}],"curies":[{"name":"wp","href":"https:\/\/api.w.org\/{rel}","templated":true}]}}