{"id":48,"date":"2014-12-26T19:42:33","date_gmt":"2014-12-26T22:42:33","guid":{"rendered":"http:\/\/iita.com.ar\/?page_id=48"},"modified":"2018-05-18T15:59:00","modified_gmt":"2018-05-18T15:59:00","slug":"nosotros","status":"publish","type":"page","link":"https:\/\/iita.com.ar\/jujuy\/nosotros\/","title":{"rendered":"Nosotros"},"content":{"rendered":"<p>Somos una empresa joven que nace con la misi\u00f3n de aprender, descubrir nuevos usos y sobre todo aplicar nuevas tecnolog\u00edas y conocimientos pr\u00e1cticos para simplificar la forma en que trabajamos y educamos hoy.<\/p>\n<p>Mediante el descubrimiento de nuevas tecnolog\u00edas y aplicaciones esperamos poder motivar a alumnos y docentes para descubrir nuevas formas de aprender en forma colaborativa.<\/p>\n<p>Mediante el uso de herramientas de dominio p\u00fablico (open software y open hardware) esperamos poder guiar a empresas e instituciones hacia una nueva forma de optimizar procesos y compartir conocimientos e ingresar al mundo de la fabricaci\u00f3n distribuida y del uso colaborativo de recursos.<\/p>\n<p>Comprometidos con el medio ambiente y la sustentabilidad de nuestro medio esperamos poder hacer nuestro aporte difundiendo nuevas tecnolog\u00edas para hacer un uso eficiente de recursos energ\u00e9ticos.<\/p>\n<p>Invitamos a sumarse a nuestro equipo de trabajo a todos los que compartan estos ideales y principios.<\/p>\n<p>&nbsp;<\/p>\n","protected":false},"excerpt":{"rendered":"<p>Somos una empresa joven que nace con la misi\u00f3n de aprender, descubrir nuevos usos y sobre todo aplicar nuevas tecnolog\u00edas y conocimientos pr\u00e1cticos para simplificar la forma en que trabajamos y educamos hoy. Mediante el descubrimiento de nuevas tecnolog\u00edas y aplicaciones esperamos poder motivar a alumnos y docentes para descubrir nuevas formas de aprender en [&hellip;]<\/p>\n","protected":false},"author":1,"featured_media":0,"parent":0,"menu_order":0,"comment_status":"closed","ping_status":"closed","template":"","meta":{"jetpack_post_was_ever_published":false,"footnotes":""},"class_list":["post-48","page","type-page","status-publish","czr-hentry"],"aioseo_notices":[],"jetpack_sharing_enabled":true,"jetpack_shortlink":"https:\/\/wp.me\/P9QtGp-M","_links":{"self":[{"href":"https:\/\/iita.com.ar\/jujuy\/wp-json\/wp\/v2\/pages\/48","targetHints":{"allow":["GET"]}}],"collection":[{"href":"https:\/\/iita.com.ar\/jujuy\/wp-json\/wp\/v2\/pages"}],"about":[{"href":"https:\/\/iita.com.ar\/jujuy\/wp-json\/wp\/v2\/types\/page"}],"author":[{"embeddable":true,"href":"https:\/\/iita.com.ar\/jujuy\/wp-json\/wp\/v2\/users\/1"}],"replies":[{"embeddable":true,"href":"https:\/\/iita.com.ar\/jujuy\/wp-json\/wp\/v2\/comments?post=48"}],"version-history":[{"count":1,"href":"https:\/\/iita.com.ar\/jujuy\/wp-json\/wp\/v2\/pages\/48\/revisions"}],"predecessor-version":[{"id":1677,"href":"https:\/\/iita.com.ar\/jujuy\/wp-json\/wp\/v2\/pages\/48\/revisions\/1677"}],"wp:attachment":[{"href":"https:\/\/iita.com.ar\/jujuy\/wp-json\/wp\/v2\/media?parent=48"}],"curies":[{"name":"wp","href":"https:\/\/api.w.org\/{rel}","templated":true}]}}