{"id":45,"date":"2014-12-26T19:34:36","date_gmt":"2014-12-26T22:34:36","guid":{"rendered":"http:\/\/iita.com.ar\/?page_id=45"},"modified":"2014-12-26T19:34:36","modified_gmt":"2014-12-26T22:34:36","slug":"tecnologia-aplicada-para-educacion","status":"publish","type":"page","link":"https:\/\/iita.com.ar\/jujuy\/tecnologia-aplicada-para-educacion\/","title":{"rendered":"Tecnolog\u00eda aplicada a la educaci\u00f3n"},"content":{"rendered":"<p>Tendencias con cursos MOOC (massive open online course).<\/p>\n<p>Plataformas disponibles, tendencias, casos pr\u00e1cticos.<\/p>\n<p>Dise\u00f1o cursos para plataformas MOOC.<\/p>\n<p>Uso eficiente de TICs en el aula.<\/p>\n<p>Hacia una nueva forma de aprender y de ense\u00f1ar.<\/p>\n<p>&nbsp;<\/p>\n<p>&nbsp;<\/p>\n","protected":false},"excerpt":{"rendered":"<p>Tendencias con cursos MOOC (massive open online course). Plataformas disponibles, tendencias, casos pr\u00e1cticos. Dise\u00f1o cursos para plataformas MOOC. Uso eficiente de TICs en el aula. Hacia una nueva forma de aprender y de ense\u00f1ar. &nbsp; &nbsp;<\/p>\n","protected":false},"author":1,"featured_media":0,"parent":0,"menu_order":0,"comment_status":"closed","ping_status":"closed","template":"","meta":{"footnotes":""},"class_list":["post-45","page","type-page","status-publish","czr-hentry"],"aioseo_notices":[],"jetpack_sharing_enabled":true,"jetpack_shortlink":"https:\/\/wp.me\/P9QtGp-J","_links":{"self":[{"href":"https:\/\/iita.com.ar\/jujuy\/wp-json\/wp\/v2\/pages\/45","targetHints":{"allow":["GET"]}}],"collection":[{"href":"https:\/\/iita.com.ar\/jujuy\/wp-json\/wp\/v2\/pages"}],"about":[{"href":"https:\/\/iita.com.ar\/jujuy\/wp-json\/wp\/v2\/types\/page"}],"author":[{"embeddable":true,"href":"https:\/\/iita.com.ar\/jujuy\/wp-json\/wp\/v2\/users\/1"}],"replies":[{"embeddable":true,"href":"https:\/\/iita.com.ar\/jujuy\/wp-json\/wp\/v2\/comments?post=45"}],"version-history":[{"count":0,"href":"https:\/\/iita.com.ar\/jujuy\/wp-json\/wp\/v2\/pages\/45\/revisions"}],"wp:attachment":[{"href":"https:\/\/iita.com.ar\/jujuy\/wp-json\/wp\/v2\/media?parent=45"}],"curies":[{"name":"wp","href":"https:\/\/api.w.org\/{rel}","templated":true}]}}