{"id":40,"date":"2014-12-26T19:26:01","date_gmt":"2014-12-26T22:26:01","guid":{"rendered":"http:\/\/iita.com.ar\/?page_id=40"},"modified":"2018-05-18T15:56:20","modified_gmt":"2018-05-18T15:56:20","slug":"domotica-y-vigilancia","status":"publish","type":"page","link":"https:\/\/iita.com.ar\/jujuy\/domotica-y-vigilancia\/","title":{"rendered":"Dom\u00f3tica y sistemas de vigilancia"},"content":{"rendered":"<p>CURSO INTRODUCCION A LA DOMOTICA CON OPENHAB Y ARDUINO<\/p>\n<p>&nbsp;<\/p>\n<p>Te ense\u00f1aremos lo que es la dom\u00f3tica y la evoluci\u00f3n que est\u00e1 teniendo esta disciplina en los \u00faltimos a\u00f1os.<\/p>\n<p>Aprender\u00e1s cuales son lo m\u00f3dulos de un sistema de dom\u00f3tica basado en el est\u00e1ndar de OPEN HAB y como instalar cada uno de estos componentes.<\/p>\n<p>Y conocer\u00e1s los fundamentos de las redes de comunicaci\u00f3n v\u00eda TCP\/IP.<\/p>\n<p>Particularmente explicaremos como levantar un nodo de OPEN HAB con recolecci\u00f3n de variables locales, env\u00edo de datos al sistema centralizado y posibilidad de recibir acciones en forma remota v\u00eda TCP\/IP.<\/p>\n<p>Te explicamos c\u00f3mo usar el IDE (Integrated Development Environment, ambiente de desarrollo integrado) de Arduino. Como es la estructura de un sketch (c\u00f3digo de programaci\u00f3n) basado en lenguaje C y C++. Te daremos conocimientos b\u00e1sicos de programaci\u00f3n y como est\u00e1 adaptada a los elementos utilizados. Te contamos las cosas que NO debes hacer con tu placa.<\/p>\n<p>Te ense\u00f1aremos el manejo de distintos tipos de \u00a0se\u00f1ales de salida y entrada (digitales y anal\u00f3gicas) y como controlarlas e interpretar sus datos. Trabajaremos y explicaremos c\u00f3mo funcionan, montan e interact\u00faan con la plataforma Arduino y el mundo real los componentes electr\u00f3nicos como LEDs, Potenci\u00f3metros, Transistores, pantalla LCD; sensores de temperatura y humedad, sensores de presencia y reles. Te ense\u00f1aremos adem\u00e1s a comunicar v\u00eda Ethernet y wifi tu placa arduino v\u00eda TCP\/IP.<\/p>\n<p>METODOLOGIA<\/p>\n<p>La plaqueta Arduino tiene la capacidad de ser la base para el desarrollo de una cantidad muy importante de proyectos multidisciplinarios mediante la lectura de una variedad de sensores e interact\u00faa con el mundo exterior mediante luces, control de motores y otros dispositivos electr\u00f3nicos.<\/p>\n<p>Todo se desarrollara de una manera intensiva, progresiva y pr\u00e1ctica. Se ense\u00f1ara a obtener e interpretar la hoja de datos de los elementos utilizados y como se interact\u00faa con la plataforma Arduino y como obtener la informaci\u00f3n de los componentes actuales y librer\u00edas de los repositorios de Arduino y a utilizar tutoriales disponibles en internet para que los participantes adquieran habilidades necesarias para el autoaprendizaje.<\/p>\n<p>Debido a la diversidad de conocimientos previos de la audiencia de este curso, el contenido pr\u00e1ctico se adaptar\u00e1 de manera que cada participante pueda realizar las pr\u00e1cticas en forma individual y avanzar a su ritmo, cumpliendo con un conjunto de ejercicios m\u00ednimos y realizando otros ejercicios pr\u00e1cticos opcionales en la medida en que le sea posible avanzar con mayor velocidad.<\/p>\n<p>&nbsp;<\/p>\n<p>DURACION<\/p>\n<p>El curso tiene una duraci\u00f3n de 45 horas c\u00e1tedra, que se dictan en 12 clases.<\/p>\n<p>&nbsp;<\/p>\n<p>OBJETIVOS<\/p>\n<p>Dar conocimientos de los componentes de un sistema dom\u00f3tico hogare\u00f1o, logrando experimentar el dise\u00f1o, configuraci\u00f3n y puesta en funcionamiento de un sistema dom\u00f3tico con la plataforma OPEN HAB, dando las herramientas para que los alumnos tengan la capacidad de continuar con el aprendizaje en forma independiente y aumentar sus habilidades y conocimientos de este sistema integrando sensores y otros dispositivos de hardware.<\/p>\n<p>Aprender a utilizar el entorno Arduino para configurar un nodo de Open Hab con sensores, actuadores y sensado remoto v\u00eda Ethernet.<\/p>\n<p>&nbsp;<\/p>\n<p>Aprender a usar las principales funciones de su lenguaje de programaci\u00f3n.<\/p>\n<p>&nbsp;<\/p>\n<p>Es un curso que no requiere conocimientos previos ni de electr\u00f3nica ni de programaci\u00f3n y est\u00e1 orientado a personas con o sin conocimientos previos que:<\/p>\n<ul>\n<li>Cuenten con entusiasmo y ganas de involucrarse en esta tecnolog\u00eda<\/li>\n<li>Que quieran iniciarse o reforzar sus conocimientos<\/li>\n<li>Que quieran desarrollar proyectos propios o de terceros<\/li>\n<\/ul>\n<p>&nbsp;<\/p>\n<p><strong>Consultar fechas de las pr\u00f3ximas charlas introductorias gratuitas en Calle Coronel Puch 454, 2do piso, Oficina A en la ciudad de San Salvador de Jujuy CP 4600, o llamar al 0388-15575947 o enviar correos a consultas.jujuy@iita.com.ar .\u00a0<\/strong><\/p>\n","protected":false},"excerpt":{"rendered":"<p>CURSO INTRODUCCION A LA DOMOTICA CON OPENHAB Y ARDUINO &nbsp; Te ense\u00f1aremos lo que es la dom\u00f3tica y la evoluci\u00f3n que est\u00e1 teniendo esta disciplina en los \u00faltimos a\u00f1os. Aprender\u00e1s cuales son lo m\u00f3dulos de un sistema de dom\u00f3tica basado en el est\u00e1ndar de OPEN HAB y como instalar cada uno de estos componentes. Y [&hellip;]<\/p>\n","protected":false},"author":1,"featured_media":1526,"parent":0,"menu_order":0,"comment_status":"closed","ping_status":"closed","template":"","meta":{"jetpack_post_was_ever_published":false,"footnotes":""},"class_list":["post-40","page","type-page","status-publish","has-post-thumbnail","czr-hentry"],"aioseo_notices":[],"jetpack_sharing_enabled":true,"jetpack_shortlink":"https:\/\/wp.me\/P9QtGp-E","_links":{"self":[{"href":"https:\/\/iita.com.ar\/jujuy\/wp-json\/wp\/v2\/pages\/40","targetHints":{"allow":["GET"]}}],"collection":[{"href":"https:\/\/iita.com.ar\/jujuy\/wp-json\/wp\/v2\/pages"}],"about":[{"href":"https:\/\/iita.com.ar\/jujuy\/wp-json\/wp\/v2\/types\/page"}],"author":[{"embeddable":true,"href":"https:\/\/iita.com.ar\/jujuy\/wp-json\/wp\/v2\/users\/1"}],"replies":[{"embeddable":true,"href":"https:\/\/iita.com.ar\/jujuy\/wp-json\/wp\/v2\/comments?post=40"}],"version-history":[{"count":1,"href":"https:\/\/iita.com.ar\/jujuy\/wp-json\/wp\/v2\/pages\/40\/revisions"}],"predecessor-version":[{"id":1672,"href":"https:\/\/iita.com.ar\/jujuy\/wp-json\/wp\/v2\/pages\/40\/revisions\/1672"}],"wp:featuredmedia":[{"embeddable":true,"href":"https:\/\/iita.com.ar\/jujuy\/wp-json\/wp\/v2\/media\/1526"}],"wp:attachment":[{"href":"https:\/\/iita.com.ar\/jujuy\/wp-json\/wp\/v2\/media?parent=40"}],"curies":[{"name":"wp","href":"https:\/\/api.w.org\/{rel}","templated":true}]}}