{"id":29,"date":"2014-12-26T18:53:00","date_gmt":"2014-12-26T21:53:00","guid":{"rendered":"http:\/\/iita.com.ar\/?page_id=29"},"modified":"2020-02-18T03:09:22","modified_gmt":"2020-02-18T03:09:22","slug":"social-media-marketing","status":"publish","type":"page","link":"https:\/\/iita.com.ar\/jujuy\/social-media-marketing\/","title":{"rendered":"Marketing digital"},"content":{"rendered":"<h2>CURSO DE MARKETING DIGITAL<\/h2>\n<h2>Inicio Marzo 2020<\/h2>\n<h2>Cupos limitados. Inscribite ahora y reseva tu lugar.<\/h2>\n<p>Aprende a dominar los principales aspectos y conceptos del Marketing Digital para llevar a cabo estrategias de comunicaci\u00f3n eficientes donde aplicar\u00e1s los diferentes canales que te desarrollar\u00e1n como un estratega digital profesional.<\/p>\n<h2>Contenido del curso<\/h2>\n<p>El curso se presentar\u00e1 los fundamentos que hacen al marketing digital una de las herramientas de comunicaci\u00f3n importante en la vida de las empresas y las personas hoy en d\u00eda. Se desarrollar\u00e1n las principales caracter\u00edsticas de esta disciplina para poder ser implementada como parte de las estrategias de comunicaci\u00f3n de las marcas. Durante el curso aprender\u00e1 qu\u00e9 es un plan de marketing digital y las diferentes estrategias digitales que se pueden tener en cuenta para poder llevarlo a cabo como: optimizaci\u00f3n en los motores de b\u00fasqueda, publicidad en los motores de b\u00fasqueda, marketing de contenido, email marketing, redes sociales (Facebook, Twitter, LinkedIn, YouTube, Instagram, Pinterest, entre otras). Con los conocimientos de este curso podr\u00e1s crear, administrar, desarrollar, implementar la comunicaci\u00f3n de cualquier marca y poder analizarla para optimizar sus resultados.<\/p>\n<h2>Pr\u00e1cticas en clase<\/h2>\n<p>En este curso podr\u00e1s ver c\u00f3mo las principales marcas llevan a cabo estrategias de comunicaci\u00f3n digital y por qu\u00e9 hacen lo que hacen. Para eso se analizar\u00e1n diferentes casos Introducci\u00f3n al Marketing Digital Aprende a dominar los principales aspectos y conceptos del Marketing Digital para llevar a cabo estrategias de comunicaci\u00f3n eficientes donde aplicar\u00e1s los diferentes canales que te desarrollar\u00e1n como un estratega digital profesional desde retail, personajes, blogueros, etc. Se ver\u00e1 c\u00f3mo armar los diferentes perfiles de las redes y las caracter\u00edsticas principales a tener en cuenta para la buena optimizaci\u00f3n. Se ver\u00e1n algunas herramientas que pueden agilizar el trabajo del social media manager en las redes sociales.<\/p>\n<h2>Para quien est\u00e1 orientado el curso<\/h2>\n<p>Pueden participar del curso estudiantes de marketing, comunicaci\u00f3n, y carreras afines, personas sin conocimiento previo, usuarios que quieran mejorar sus pr\u00e1cticas digitales, desarrolladores de estrategias web, desarrolladores de productos, profesionales web que desean ampliar sus conocimientos profesionales y a todas aquellas personas que deseen aprender acerca de los aspectos principales del Marketing Online para ejercer esta actividad en forma profesional.<\/p>\n<h2>En este curso aprender\u00e1s a<\/h2>\n<ul>\n<li>Conocer las principales nociones del Marketing Digital.<\/li>\n<li>Utilizar nomenclatura t\u00e9cnica.<\/li>\n<li>Diferenciar entre posicionamiento org\u00e1nico (SEO) y pago (SEM).<\/li>\n<li>Programar y optimizar campa\u00f1as de marketing digital en varias plataformas y redes sociales (adwords, facebook , twitter)<\/li>\n<li>Conocer qu\u00e9 es Email Marketing.<\/li>\n<li>Comprender cu\u00e1les son las principales Redes Sociales y cu\u00e1ndo hacer uso de cada una de ellas.<\/li>\n<li>Diferenciar los diferentes puestos de trabajo de Marketing Digital \u2013 Funciones y mejores pr\u00e1cticas de un Community Manager.<\/li>\n<\/ul>\n<h1>Plan de Estudios<\/h1>\n<ol>\n<li style=\"text-align: left;\">\n<h3>Marketing Digital introduccion \u2013 plan &#8211; posicionamiento:<\/h3>\n<p>Historia del Marketing Marketing Tradicional vs. Marketing Digital Estad\u00edsticas sobre el mundo digital Conformaciones y Tipos de Web Las generaciones que afectan el mundo publicitario. \u00bfQu\u00e9 es un plan de marketing? Para qu\u00e9 sirve? Las variables y pasos a tener en cuenta para poder desarrollarlo. Qu\u00e9 es el posicionamiento? Cu\u00e1l es la diferencia entre optimizaci\u00f3n y publicidad en motores de b\u00fasqueda? Cu\u00e1les son las claves a tener en cuenta para realizar acciones de SEO y SEM?<\/li>\n<li>\n<h3>Introducci\u00f3n a Google AdWords:<\/h3>\n<p>Marketing en Buscadores. Diferencias entre SEO y SEM. La Red de B\u00fasqueda y la Red de Contenido de Google. Principales m\u00e9tricas y KPI\u0301s. Planificaci\u00f3n de campa\u00f1as en Google. Prespuestaci\u00f3n. Implementaci\u00f3n de Campa\u00f1as. Entendimiento de la estructura de una cuenta. Pr\u00e1ctica real<\/li>\n<li>\n<h3>Google AdWords avanzado<\/h3>\n<p>Vinculaci\u00f3n de cuenta de Google AdWords con Google Analytics. Entendimiento de los principales reportes asociados. Armado de reportes personalizados acerca de la performance de las campa\u00f1as. Optimizaci\u00f3n continua. Pr\u00e1ctica sobre la herramienta con cuentas creadas por los alumnos. Competencia real con mediciones comparables entre alumnos.<\/li>\n<li>\n<h3>Introcucci\u00f3n a Google Analytics<\/h3>\n<p>Para qu\u00e9 sirve la herramienta, a qui\u00e9n est\u00e1 dirigida? Planificaci\u00f3n de una estrategia de medici\u00f3n avanzada para analizar el comportamiento de los usuarios dentro de tu sitio. Recorrido por los features b\u00e1sicos de la herramienta. Entendimiento de las principales m\u00e9tricas.<\/li>\n<li>\n<h3>Google Analytics avanzado<\/h3>\n<p>Configuraci\u00f3n avanzada sobre la cuenta. Diferenciasentre Perfil, Filtros Avanzados, Segmentos Avanzados, Informes Personalizados. Medici\u00f3n de Campa\u00f1as Online. Configuraci\u00f3n para el seguimiento de Objetivos de Conversi\u00f3n. Ecommerce Tracking. Armado de Paneles \u201cDashboards\u201d sobre la herramienta para el monitoreo general del sitio.<\/li>\n<li>\n<h3>Facebook<\/h3>\n<p>Qu\u00e9 es Facebook? C\u00f3mo plantear una estrategia en Facebook? C\u00f3mo armar una cuenta para empresas? C\u00f3mo administrar una p\u00e1gina de empresa? C\u00f3mo analizar las acciones de esta red social? C\u00f3mo pautar publicidad en la red social? Practica Real.<\/li>\n<li>\n<h3>Instagram<\/h3>\n<p>Qu\u00e9 es Instagram? C\u00f3mo plantear una estrategia en Instagram? C\u00f3mo armar una cuenta para empresas? C\u00f3mo administrar una p\u00e1gina de empresa? C\u00f3mo analizar las acciones de esta red social? C\u00f3mo pautar publicidad en la red social? Practica Real.<\/li>\n<li>\n<h3>Twitter:<\/h3>\n<p>Qu\u00e9 es Twitter? C\u00f3mo plantear una estrategia en Twitter? C\u00f3mo armar un perfil y administrarlo? C\u00f3mo analizar las acciones de esta red social? C\u00f3mo pautar publicidad en la red social?<\/li>\n<li>\n<h3>LinkedIn<\/h3>\n<p>Qu\u00e9 es LinkedIn y para qu\u00e9 sirve? C\u00f3mo plantear una estrategia en LinkedIn? C\u00f3mo armar y administrar una p\u00e1gina para empresas? C\u00f3mo analizar las acciones de esta red social? C\u00f3mo pautar publicidad en la red social?<\/li>\n<li>\n<h3>YouTube<\/h3>\n<p>Qu\u00e9 es YouTube? www.educacionit.com Conceptos b\u00e1sicos para desempe\u00f1arse en la red social de videos. C\u00f3mo plantear una estrategia de marketing audiovisual? C\u00f3mo armar un perfil para empresas? C\u00f3mo analizar las acciones de esta red social? C\u00f3mo pautar publicidad en la red social?<\/li>\n<li>\n<h3>El perfil profesional del Community Manager y funciones<\/h3>\n<p>Qu\u00e9 es un Community Manager? Funciones de un Community Manager. Gesti\u00f3n de crisis y aptitudes. Community Manager externo e interno. Como iniciar la gesti\u00f3n desde cero de una marca en redes sociales. Generaci\u00f3n de contenidos inicial.<\/li>\n<li>\n<h3>Email Marketing:<\/h3>\n<p>Qu\u00e9 es el Email Marketing? Cu\u00e1les son las variables a tener en cuenta para desarrollar un mailing? Qu\u00e9 es el SPAM y c\u00f3mo evitarlo?<\/li>\n<li>\n<h3>Mobile Marketing:<\/h3>\n<p>Qu\u00e9 es el Marketing para M\u00f3viles? C\u00f3mo utilizar las diferentes modalidades de esta estrategia? C\u00f3mo puedo hacer marketing contextual y de geolocalizaci\u00f3n con esta estrategia? Comenzando a entender el marketing de personalizaci\u00f3n.<\/li>\n<\/ol>\n<div style=\"width: 854px;\" class=\"wp-video\"><video class=\"wp-video-shortcode\" id=\"video-29-1\" width=\"854\" height=\"480\" preload=\"metadata\" controls=\"controls\"><source type=\"video\/mp4\" src=\"http:\/\/iita.com.ar\/jujuy\/wp-content\/uploads\/sites\/7\/2017\/02\/Spot-IITA-MKTG-Digital.mp4?_=1\" \/><a href=\"http:\/\/iita.com.ar\/jujuy\/wp-content\/uploads\/sites\/7\/2017\/02\/Spot-IITA-MKTG-Digital.mp4\">http:\/\/iita.com.ar\/jujuy\/wp-content\/uploads\/sites\/7\/2017\/02\/Spot-IITA-MKTG-Digital.mp4<\/a><\/video><\/div>\n","protected":false},"excerpt":{"rendered":"<p>CURSO DE MARKETING DIGITAL Inicio Marzo 2020 Cupos limitados. Inscribite ahora y reseva tu lugar. Aprende a dominar los principales aspectos y conceptos del Marketing Digital para llevar a cabo estrategias de comunicaci\u00f3n eficientes donde aplicar\u00e1s los diferentes canales que te desarrollar\u00e1n como un estratega digital profesional. Contenido del curso El curso se presentar\u00e1 los [&hellip;]<\/p>\n","protected":false},"author":1,"featured_media":124,"parent":0,"menu_order":0,"comment_status":"closed","ping_status":"closed","template":"","meta":{"jetpack_post_was_ever_published":false,"footnotes":""},"class_list":["post-29","page","type-page","status-publish","has-post-thumbnail","czr-hentry"],"aioseo_notices":[],"jetpack_sharing_enabled":true,"jetpack_shortlink":"https:\/\/wp.me\/P9QtGp-t","_links":{"self":[{"href":"https:\/\/iita.com.ar\/jujuy\/wp-json\/wp\/v2\/pages\/29","targetHints":{"allow":["GET"]}}],"collection":[{"href":"https:\/\/iita.com.ar\/jujuy\/wp-json\/wp\/v2\/pages"}],"about":[{"href":"https:\/\/iita.com.ar\/jujuy\/wp-json\/wp\/v2\/types\/page"}],"author":[{"embeddable":true,"href":"https:\/\/iita.com.ar\/jujuy\/wp-json\/wp\/v2\/users\/1"}],"replies":[{"embeddable":true,"href":"https:\/\/iita.com.ar\/jujuy\/wp-json\/wp\/v2\/comments?post=29"}],"version-history":[{"count":5,"href":"https:\/\/iita.com.ar\/jujuy\/wp-json\/wp\/v2\/pages\/29\/revisions"}],"predecessor-version":[{"id":1774,"href":"https:\/\/iita.com.ar\/jujuy\/wp-json\/wp\/v2\/pages\/29\/revisions\/1774"}],"wp:featuredmedia":[{"embeddable":true,"href":"https:\/\/iita.com.ar\/jujuy\/wp-json\/wp\/v2\/media\/124"}],"wp:attachment":[{"href":"https:\/\/iita.com.ar\/jujuy\/wp-json\/wp\/v2\/media?parent=29"}],"curies":[{"name":"wp","href":"https:\/\/api.w.org\/{rel}","templated":true}]}}