{"id":22,"date":"2014-12-26T18:33:29","date_gmt":"2014-12-26T21:33:29","guid":{"rendered":"http:\/\/iita.com.ar\/?page_id=22"},"modified":"2014-12-26T18:33:29","modified_gmt":"2014-12-26T21:33:29","slug":"programacion","status":"publish","type":"page","link":"https:\/\/iita.com.ar\/jujuy\/programacion\/","title":{"rendered":"Programaci\u00f3n y dise\u00f1o sistemas"},"content":{"rendered":"<p>Abierta la inscripci\u00f3n para cursos de programaci\u00f3n en lenguaje C<\/p>\n<p>Primera clase Sabado 17 de Octubre de 17:30 a 20:30<\/p>\n<p>Curso de 3 meses de duraci\u00f3n.<\/p>\n<p>Interesados llegarse por el instituto en calle Buenos Aires 135, oficina 102 o llamar al 4312900<\/p>\n<p>&nbsp;<\/p>\n<p>Cursos personalizados de niveles iniciales y avanzados de programaci\u00f3n en lenguaje C, C++, Python, Rubi on Rails, Java.<\/p>\n<p>Cursos de gesti\u00f3n de bases de datos, con aplicaci\u00f3n a distintas bases de datos ORACLE, MYSQL, SQL SERVER.<\/p>\n<p>Cursos de uso, instalaci\u00f3n y administraci\u00f3n de distintos motores. (DBA).<\/p>\n<p>Uso de PL-SQL de ORACLE y DBA de ORACLE.<\/p>\n<p>Grupos reducidos con atenci\u00f3n personalizada.<\/p>\n<p>Dise\u00f1o con tecnolog\u00edas Agiles.<\/p>\n<p>Modelos de datos<\/p>\n","protected":false},"excerpt":{"rendered":"<p>Abierta la inscripci\u00f3n para cursos de programaci\u00f3n en lenguaje C Primera clase Sabado 17 de Octubre de 17:30 a 20:30 Curso de 3 meses de duraci\u00f3n. Interesados llegarse por el instituto en calle Buenos Aires 135, oficina 102 o llamar al 4312900 &nbsp; Cursos personalizados de niveles iniciales y avanzados de programaci\u00f3n en lenguaje C, [&hellip;]<\/p>\n","protected":false},"author":1,"featured_media":0,"parent":0,"menu_order":0,"comment_status":"closed","ping_status":"closed","template":"","meta":{"jetpack_post_was_ever_published":false,"footnotes":""},"class_list":["post-22","page","type-page","status-publish","czr-hentry"],"aioseo_notices":[],"jetpack_sharing_enabled":true,"jetpack_shortlink":"https:\/\/wp.me\/P9QtGp-m","_links":{"self":[{"href":"https:\/\/iita.com.ar\/jujuy\/wp-json\/wp\/v2\/pages\/22","targetHints":{"allow":["GET"]}}],"collection":[{"href":"https:\/\/iita.com.ar\/jujuy\/wp-json\/wp\/v2\/pages"}],"about":[{"href":"https:\/\/iita.com.ar\/jujuy\/wp-json\/wp\/v2\/types\/page"}],"author":[{"embeddable":true,"href":"https:\/\/iita.com.ar\/jujuy\/wp-json\/wp\/v2\/users\/1"}],"replies":[{"embeddable":true,"href":"https:\/\/iita.com.ar\/jujuy\/wp-json\/wp\/v2\/comments?post=22"}],"version-history":[{"count":0,"href":"https:\/\/iita.com.ar\/jujuy\/wp-json\/wp\/v2\/pages\/22\/revisions"}],"wp:attachment":[{"href":"https:\/\/iita.com.ar\/jujuy\/wp-json\/wp\/v2\/media?parent=22"}],"curies":[{"name":"wp","href":"https:\/\/api.w.org\/{rel}","templated":true}]}}